{"id":684,"date":"2023-09-22T09:27:11","date_gmt":"2023-09-22T07:27:11","guid":{"rendered":"https:\/\/jeuettradition.fr\/?page_id=684"},"modified":"2023-10-03T10:55:03","modified_gmt":"2023-10-03T08:55:03","slug":"mentions-legales-et-cgv","status":"publish","type":"page","link":"https:\/\/jeuettradition.fr\/index.php\/mentions-legales-et-cgv\/","title":{"rendered":"Mentions l\u00e9gales et CGV"},"content":{"rendered":"\t\t<div data-elementor-type=\"wp-page\" data-elementor-id=\"684\" class=\"elementor elementor-684\" data-elementor-post-type=\"page\">\n\t\t\t\t<div class=\"elementor-element elementor-element-2d1160d e-flex e-con-boxed e-con e-parent\" data-id=\"2d1160d\" data-element_type=\"container\" data-e-type=\"container\">\n\t\t\t\t\t<div class=\"e-con-inner\">\n\t\t\t\t<div class=\"elementor-element elementor-element-e66580d elementor-widget elementor-widget-heading\" data-id=\"e66580d\" data-element_type=\"widget\" data-e-type=\"widget\" data-widget_type=\"heading.default\">\n\t\t\t\t<div class=\"elementor-widget-container\">\n\t\t\t\t\t<h2 class=\"elementor-heading-title elementor-size-default\">Mention l\u00e9gales<\/h2>\t\t\t\t<\/div>\n\t\t\t\t<\/div>\n\t\t\t\t<div class=\"elementor-element elementor-element-1474a42 elementor-widget elementor-widget-text-editor\" data-id=\"1474a42\" data-element_type=\"widget\" data-e-type=\"widget\" data-widget_type=\"text-editor.default\">\n\t\t\t\t<div class=\"elementor-widget-container\">\n\t\t\t\t\t\t\t\t\t<p><span style=\"font-weight: 400;\">Conform\u00e9ment aux dispositions de la loi n\u00b0 2004-575 du 21 juin 2004 pour la confiance en l&#8217;\u00e9conomie num\u00e9rique, il est pr\u00e9cis\u00e9 aux utilisateurs du site Jeu et tradition l&#8217;identit\u00e9 des diff\u00e9rents intervenants dans le cadre de sa r\u00e9alisation et de son suivi.<\/span><\/p>\n<p><strong>Edition du site&nbsp;<\/strong><\/p>\n<p><span style=\"font-weight: 400;\">Le pr\u00e9sent site, accessible \u00e0 l\u2019URL www.jeuettradition.fr (le \u00ab Site \u00bb), est \u00e9dit\u00e9 par :<\/span><\/p>\n<p><span style=\"font-weight: 400;\">Patrice DENAUX, r\u00e9sidant 99 rue de Rieux 60480 Guignecourt, de nationalit\u00e9 Fran\u00e7aise (France), n\u00e9(e) le 10\/05\/1962,&nbsp; inscrite au R.C.S. de BEAUVAIS sous le num\u00e9ro 915 261 812 R.C.S Beauvais,<\/span><\/p>\n<p><b>H\u00e9bergement<\/b><\/p>\n<p><span style=\"font-weight: 400;\"><br><\/span><span style=\"font-weight: 400;\">Le Site est h\u00e9berg\u00e9 par la soci\u00e9t\u00e9 Hostinger International LTD, dont le si\u00e8ge social se situe 61 Lordou Vironos Street, 6023 Larnaca, Chypre, (email : https:\/\/www.hostinger.fr\/contact).<\/span><\/p>\n<p><b>Directeur de publication&nbsp;<\/b><\/p>\n<p><span style=\"font-weight: 400;\"><br><\/span><span style=\"font-weight: 400;\">Le Directeur de la publication du Site est Patrice DENAUX.<\/span><\/p>\n<p><b>Nous contacter&nbsp;<\/b><\/p>\n<p><span style=\"font-weight: 400;\"><br><\/span><span style=\"font-weight: 400;\">Par t\u00e9l\u00e9phone&nbsp;: +33752025109<\/span><\/p>\n<p><span style=\"font-weight: 400;\">Par email&nbsp;: contact@jeuettradition.fr<\/span><\/p>\n<p><span style=\"font-weight: 400;\">Par courrier&nbsp;: 99 rue de Rieux 60480 Guignecourt<\/span><\/p>\t\t\t\t\t\t\t\t<\/div>\n\t\t\t\t<\/div>\n\t\t\t\t\t<\/div>\n\t\t\t\t<\/div>\n\t\t<div class=\"elementor-element elementor-element-1ebe60e e-flex e-con-boxed e-con e-parent\" data-id=\"1ebe60e\" data-element_type=\"container\" data-e-type=\"container\">\n\t\t\t\t\t<div class=\"e-con-inner\">\n\t\t\t\t<div class=\"elementor-element elementor-element-2b090f7 elementor-widget elementor-widget-heading\" data-id=\"2b090f7\" data-element_type=\"widget\" data-e-type=\"widget\" data-widget_type=\"heading.default\">\n\t\t\t\t<div class=\"elementor-widget-container\">\n\t\t\t\t\t<h2 class=\"elementor-heading-title elementor-size-default\">CGV<\/h2>\t\t\t\t<\/div>\n\t\t\t\t<\/div>\n\t\t\t\t<div class=\"elementor-element elementor-element-dc3175c elementor-widget elementor-widget-text-editor\" data-id=\"dc3175c\" data-element_type=\"widget\" data-e-type=\"widget\" data-widget_type=\"text-editor.default\">\n\t\t\t\t<div class=\"elementor-widget-container\">\n\t\t\t\t\t\t\t\t\t<b>R\u00e8glement de location des Jeux en bois<\/b><\/br>\n<\/br>\n<b>Article 1. Description<\/b><\/br>\n<\/br>\nJEU &#038; TRADITION propose la mise \u00e0 disposition de jeux bois pour une f\u00eate, un mariage, une kermesse, un anniversaire ou tout autre \u00e9v\u00e8nement.<\/br>\nMettez de l&#8217;ambiance avec des jeux en bois g\u00e9ants d&#8217;int\u00e9rieur (possibilit\u00e9 d&#8217;ext\u00e9rieur uniquement si la m\u00e9t\u00e9o le permet, ou pr\u00e9voir une solution de repli).<\/br>\nUne notice sera jointe pour chaque jeu, soit inscrite directement sur le jeu, soit par notice s\u00e9par\u00e9e.<\/br>\n<\/br>\n<b>Article 2. Usage<\/b><\/br>\n<\/br>\nL&#8217;utilisateur veillera \u00e0 lire attentivement la notice avant usage du mat\u00e9riel et \u00e0 en respecter scrupuleusement les consignes. Tout autre usage est interdit.<\/br>\n<\/br>\n<b>Article 3. Conditions d&#8217;attribution<\/b><\/br>\n<\/br>\nChaque jeu en bois sera mis \u00e0 disposition uniquement apr\u00e8s le paiement de la location et le d\u00e9p\u00f4t d\u2019un ch\u00e8que de caution, le contrat de location (devis) doit \u00eatre sign\u00e9, lu et approuv\u00e9.<\/br>\nChaque jeu peut \u00eatre mis \u00e0 disposition pour une journ\u00e9e, un week-end et voir davantage (maximum 8 jours).<\/br>\nLes utilisateurs doivent commander la r\u00e9servation apr\u00e8s acceptation du devis et v\u00e9rification de la disponibilit\u00e9 des jeux par la Direction de JEU &#038; TRADITION.<\/br>\nLe jeu devra \u00eatre r\u00e9cup\u00e9r\u00e9 \u00e0 l\u2019adresse du si\u00e8ge social deJEU &#038; TRADITION indiqu\u00e9 sur le devis et ramen\u00e9 \u00e0 la m\u00eame adresse aux dates indiqu\u00e9es sur le devis, sauf en cas de livraison et r\u00e9cup\u00e9ration par nos soins (prix de livraison, intallation et reprise not\u00e9 sur le devis s\u2019il y a lieu).<\/br>\nUn \u00e9tat du jeu sera alors constat\u00e9 conjointement.<\/br>\nL&#8217;utilisateur s&#8217;engage \u00e0 signaler \u00e0 JEU &#038; TRADITION tout dysfonctionnement qu&#8217;il aura constat\u00e9 ; \u00e0 d\u00e9faut, ce dysfonctionnement pourra lui \u00eatre imput\u00e9 et la caution retenue.<\/br>\nToute annulation de location devra \u00eatre effectu\u00e9e au moins 72h avant la date de location.<\/br>\n<\/br>\n<b>Article 4. Caution<\/b><\/br>\n<\/br>\nSuite \u00e0 de nombreuses ind\u00e9licatesses de jeux rendus incomplets et non relouables de suite, la CAUTION est syst\u00e9matiquement exig\u00e9e.<\/br>\nUn ch\u00e8que de caution d&#8217;un montant indiqu\u00e9 sur le devis sera demand\u00e9 pour la totalit\u00e9 de la location \u00e0 la r\u00e9servation ou en dernier ressort, au moment de la prise en charge.<\/br>\nSi le jeu n\u2019est pas restitu\u00e9, ou rendu tr\u00e8s ab\u00eem\u00e9, ou si un dysfonctionnement n&#8217;a pas \u00e9t\u00e9 signal\u00e9, le ch\u00e8que de caution sera encaiss\u00e9 par JEU &#038; TRADITION. Dans le cas contraire le ch\u00e8que sera rendu au moment de la restitution.<\/br>\n<\/br>\nSi le jeu pr\u00e9sente des pi\u00e8ces cass\u00e9es ou manquantes, le montant des frais occasionn\u00e9s par ce dysfonctionnement sera \u00e0 la charge de l\u2019utilisateur. La caution sera alors restitu\u00e9e d\u00e9duction faite des frais occasionn\u00e9s.<\/br>\n<\/br>\n<b>Article 5. Responsabilit\u00e9<\/b><\/br>\n<\/br>\nPendant toute la dur\u00e9e de la location, le locataire est l\u2019unique et seul responsable des jeux qui lui sont confi\u00e9s et, en aucun cas, la responsabilit\u00e9 de JEU &#038; TRADITION ne peut \u00eatre engag\u00e9e.<\/br>\nLe locataire certifie avoir souscrit une assurance responsabilit\u00e9 civile couvrant les risques li\u00e9s \u00e0 la manifestation.<\/br>\nLe locataire est seul responsable de toutes \u00e9ventuelles r\u00e9parations, pertes ou vol. Il devra prendre toutes les dispositions utiles pour se prot\u00e9ger contre les risques de malveillance, vandalisme ou vol.<\/br>\nEn cas de location sur plusieurs jours cons\u00e9cutifs, les jeux en bois doivent \u00eatre imp\u00e9rativement mis \u00e0 l&#8217;abri la nuit afin de ne pas les exposer \u00e0 l&#8217;humidit\u00e9.<\/br>\nAVEC UNE ATTENTION TOUTE PARTICULIERE POUR LE TIR \u00e0 LA CARABINE ET LE JEU DE FLECHETTES :<\/br>\nLe locataire s\u2019engage \u00e0 une utilisation de ces jeux en toute s\u00e9curit\u00e9<\/br>\n-L\u2019utilisation par des mineurs doit s\u2019effectuer uniquement en pr\u00e9sence d\u2019un adulte responsable.<\/br>\n-Interdiction d\u2019utiliser le jeu si une personne se trouve dans le champ de tir<\/br>\n-Le jeu doit \u00eatre install\u00e9 dos \u00e0 un mur ou dos \u00e0 une zone non emprunt\u00e9e par un promeneur ou tout autre passant potentiel (le plomb de la carabine peut porter jusque 200m !)<\/br>\n<\/br>\n<b>Article 6. Propri\u00e9t\u00e9<\/b><\/br>\n<\/br>\nLe mat\u00e9riel lou\u00e9 reste la propri\u00e9t\u00e9 exclusive deJEU &#038; TRADITION, et ne peut en aucun cas faire l&#8217;objet de d\u00e9placement ni cession quelconque par le locataire. Il ne peut \u00eatre saisi en cas de liquidation ou faillite du locataire.<\/br>\n<\/br>\n<b>Article 7. Restitution<\/b><\/br>\n<\/br>\nLes utilisateurs se chargeront du bon fonctionnement de chaque jeu.<\/br>\nLe jeu sera restitu\u00e9 propre, complet, et en bon \u00e9tat.<\/br>\n<\/br>\n<b>Article 8. Litige<\/b><\/br>\n<\/br>\nEn cas de litige, seul le tribunal de commerce de Beauvais est comp\u00e9tent.\n\t\t\t\t\t\t\t\t<\/div>\n\t\t\t\t<\/div>\n\t\t\t\t\t<\/div>\n\t\t\t\t<\/div>\n\t\t\t\t<\/div>\n\t\t","protected":false},"excerpt":{"rendered":"<p>Mention l\u00e9gales Conform\u00e9ment aux dispositions de la loi n\u00b0 2004-575 du 21 juin 2004 pour la confiance en l&#8217;\u00e9conomie num\u00e9rique, il est pr\u00e9cis\u00e9 aux utilisateurs du site Jeu et tradition l&#8217;identit\u00e9 des diff\u00e9rents intervenants dans le cadre de sa r\u00e9alisation et de son suivi. Edition du site&nbsp; Le pr\u00e9sent site, accessible \u00e0 l\u2019URL www.jeuettradition.fr (le [&hellip;]<\/p>\n","protected":false},"author":1,"featured_media":0,"parent":0,"menu_order":0,"comment_status":"closed","ping_status":"closed","template":"","meta":{"_acf_changed":false,"_monsterinsights_skip_tracking":false,"_monsterinsights_sitenote_active":false,"_monsterinsights_sitenote_note":"","_monsterinsights_sitenote_category":0,"footnotes":""},"class_list":["post-684","page","type-page","status-publish","hentry"],"acf":[],"aioseo_notices":[],"_links":{"self":[{"href":"https:\/\/jeuettradition.fr\/index.php\/wp-json\/wp\/v2\/pages\/684","targetHints":{"allow":["GET"]}}],"collection":[{"href":"https:\/\/jeuettradition.fr\/index.php\/wp-json\/wp\/v2\/pages"}],"about":[{"href":"https:\/\/jeuettradition.fr\/index.php\/wp-json\/wp\/v2\/types\/page"}],"author":[{"embeddable":true,"href":"https:\/\/jeuettradition.fr\/index.php\/wp-json\/wp\/v2\/users\/1"}],"replies":[{"embeddable":true,"href":"https:\/\/jeuettradition.fr\/index.php\/wp-json\/wp\/v2\/comments?post=684"}],"version-history":[{"count":40,"href":"https:\/\/jeuettradition.fr\/index.php\/wp-json\/wp\/v2\/pages\/684\/revisions"}],"predecessor-version":[{"id":815,"href":"https:\/\/jeuettradition.fr\/index.php\/wp-json\/wp\/v2\/pages\/684\/revisions\/815"}],"wp:attachment":[{"href":"https:\/\/jeuettradition.fr\/index.php\/wp-json\/wp\/v2\/media?parent=684"}],"curies":[{"name":"wp","href":"https:\/\/api.w.org\/{rel}","templated":true}]}}