{"id":65,"date":"2023-09-17T15:35:46","date_gmt":"2023-09-17T13:35:46","guid":{"rendered":"https:\/\/jeuettradition.fr\/index.php\/about\/"},"modified":"2025-01-03T09:17:50","modified_gmt":"2025-01-03T08:17:50","slug":"about","status":"publish","type":"page","link":"https:\/\/jeuettradition.fr\/index.php\/about\/","title":{"rendered":"About"},"content":{"rendered":"\t\t<div data-elementor-type=\"wp-page\" data-elementor-id=\"65\" class=\"elementor elementor-65\" data-elementor-post-type=\"page\">\n\t\t\t\t<div class=\"elementor-element elementor-element-6e9d947b e-flex e-con-boxed e-con e-parent\" data-id=\"6e9d947b\" data-element_type=\"container\" data-e-type=\"container\">\n\t\t\t\t\t<div class=\"e-con-inner\">\n\t\t\t\t<div class=\"elementor-element elementor-element-3b3c28bf elementor-widget elementor-widget-heading\" data-id=\"3b3c28bf\" data-element_type=\"widget\" data-e-type=\"widget\" data-widget_type=\"heading.default\">\n\t\t\t\t<div class=\"elementor-widget-container\">\n\t\t\t\t\t<h2 class=\"elementor-heading-title elementor-size-default\">Une entreprise familiale<\/h2>\t\t\t\t<\/div>\n\t\t\t\t<\/div>\n\t\t<div class=\"elementor-element elementor-element-1103bdf9 e-con-full e-flex e-con e-child\" data-id=\"1103bdf9\" data-element_type=\"container\" data-e-type=\"container\">\n\t\t<div class=\"elementor-element elementor-element-4b7d12c e-con-full e-flex e-con e-child\" data-id=\"4b7d12c\" data-element_type=\"container\" data-e-type=\"container\">\n\t\t\t\t<div class=\"elementor-element elementor-element-658423ea elementor-widget__width-inherit elementor-widget-mobile__width-inherit elementor-position-top elementor-invisible elementor-widget elementor-widget-image-box\" data-id=\"658423ea\" data-element_type=\"widget\" data-e-type=\"widget\" data-settings=\"{&quot;_animation&quot;:&quot;fadeInRight&quot;,&quot;_animation_delay&quot;:1000}\" data-widget_type=\"image-box.default\">\n\t\t\t\t<div class=\"elementor-widget-container\">\n\t\t\t\t\t<div class=\"elementor-image-box-wrapper\"><figure class=\"elementor-image-box-img\"><img fetchpriority=\"high\" decoding=\"async\" width=\"640\" height=\"567\" src=\"https:\/\/jeuettradition.fr\/wp-content\/uploads\/2023\/09\/amande.jpg\" class=\"attachment-full size-full wp-image-423\" alt=\"\" srcset=\"https:\/\/jeuettradition.fr\/wp-content\/uploads\/2023\/09\/amande.jpg 640w, https:\/\/jeuettradition.fr\/wp-content\/uploads\/2023\/09\/amande-300x266.jpg 300w\" sizes=\"(max-width: 640px) 100vw, 640px\" \/><\/figure><div class=\"elementor-image-box-content\"><h4 class=\"elementor-image-box-title\">Amandine, la Fille<br>\"Vous avez besoin de bras ?!\"<\/h4><p class=\"elementor-image-box-description\">C'est notre super-h\u00e9ro\u00efne de la bonne humeur ! Toujours l\u00e0 quand on a besoin d'un coup de main, elle est tellement forte que m\u00eame nos jeux en bois en sont jaloux. Avec son sourire contagieux et sa bienveillance \u00e0 toute \u00e9preuve, elle fait de chaque \u00e9v\u00e9nement un moment m\u00e9morable.<\/p><\/div><\/div>\t\t\t\t<\/div>\n\t\t\t\t<\/div>\n\t\t\t\t<div class=\"elementor-element elementor-element-a59d215 elementor-align-center elementor-invisible elementor-widget elementor-widget-button\" data-id=\"a59d215\" data-element_type=\"widget\" data-e-type=\"widget\" data-settings=\"{&quot;_animation&quot;:&quot;fadeInDown&quot;,&quot;_animation_delay&quot;:1500}\" data-widget_type=\"button.default\">\n\t\t\t\t<div class=\"elementor-widget-container\">\n\t\t\t\t\t\t\t\t\t<div class=\"elementor-button-wrapper\">\n\t\t\t\t\t<a class=\"elementor-button elementor-button-link elementor-size-sm\" href=\"https:\/\/latelier-remake.fr\" target=\"_blank\">\n\t\t\t\t\t\t<span class=\"elementor-button-content-wrapper\">\n\t\t\t\t\t\t<span class=\"elementor-button-icon\">\n\t\t\t\t<i aria-hidden=\"true\" class=\"fas fa-link\"><\/i>\t\t\t<\/span>\n\t\t\t\t\t\t\t\t\t<span class=\"elementor-button-text\">L'Atelier Remake<\/span>\n\t\t\t\t\t<\/span>\n\t\t\t\t\t<\/a>\n\t\t\t\t<\/div>\n\t\t\t\t\t\t\t\t<\/div>\n\t\t\t\t<\/div>\n\t\t\t\t<\/div>\n\t\t<div class=\"elementor-element elementor-element-c7693c5 e-con-full e-flex e-con e-child\" data-id=\"c7693c5\" data-element_type=\"container\" data-e-type=\"container\">\n\t\t\t\t<div class=\"elementor-element elementor-element-97f5f1d elementor-widget__width-inherit elementor-widget-mobile__width-inherit elementor-position-top elementor-invisible elementor-widget elementor-widget-image-box\" data-id=\"97f5f1d\" data-element_type=\"widget\" data-e-type=\"widget\" data-settings=\"{&quot;_animation&quot;:&quot;fadeInRight&quot;}\" data-widget_type=\"image-box.default\">\n\t\t\t\t<div class=\"elementor-widget-container\">\n\t\t\t\t\t<div class=\"elementor-image-box-wrapper\"><figure class=\"elementor-image-box-img\"><img decoding=\"async\" width=\"469\" height=\"417\" src=\"https:\/\/jeuettradition.fr\/wp-content\/uploads\/2023\/09\/maman.jpg\" class=\"attachment-full size-full wp-image-418\" alt=\"\" srcset=\"https:\/\/jeuettradition.fr\/wp-content\/uploads\/2023\/09\/maman.jpg 469w, https:\/\/jeuettradition.fr\/wp-content\/uploads\/2023\/09\/maman-300x267.jpg 300w\" sizes=\"(max-width: 469px) 100vw, 469px\" \/><\/figure><div class=\"elementor-image-box-content\"><h4 class=\"elementor-image-box-title\">Sabina, la maman<br>\"On ne se connait pas encore ??\"<\/h4><p class=\"elementor-image-box-description\">Sabina, c'est notre championne de la socialisation ! Donnez-lui 10 minutes avec des inconnus, et elle sera leur meilleure amie et leur confidente. Elle est tellement dou\u00e9e qu'on se demande parfois si elle a une licence de d\u00e9tective sociale. Avec elle, les \u00e9v\u00e9nements deviennent des rencontres m\u00e9morables, et on se souvient toujours d'elle comme la reine de la convivialit\u00e9 !<\/p><\/div><\/div>\t\t\t\t<\/div>\n\t\t\t\t<\/div>\n\t\t\t\t<\/div>\n\t\t<div class=\"elementor-element elementor-element-ef80c12 e-con-full e-flex e-con e-child\" data-id=\"ef80c12\" data-element_type=\"container\" data-e-type=\"container\">\n\t\t\t\t<div class=\"elementor-element elementor-element-38035967 elementor-widget__width-inherit elementor-widget-mobile__width-inherit elementor-position-top elementor-invisible elementor-widget elementor-widget-image-box\" data-id=\"38035967\" data-element_type=\"widget\" data-e-type=\"widget\" data-settings=\"{&quot;_animation&quot;:&quot;fadeInLeft&quot;}\" data-widget_type=\"image-box.default\">\n\t\t\t\t<div class=\"elementor-widget-container\">\n\t\t\t\t\t<div class=\"elementor-image-box-wrapper\"><figure class=\"elementor-image-box-img\"><img decoding=\"async\" width=\"495\" height=\"442\" src=\"https:\/\/jeuettradition.fr\/wp-content\/uploads\/2023\/09\/papa.jpg\" class=\"attachment-full size-full wp-image-419\" alt=\"\" srcset=\"https:\/\/jeuettradition.fr\/wp-content\/uploads\/2023\/09\/papa.jpg 495w, https:\/\/jeuettradition.fr\/wp-content\/uploads\/2023\/09\/papa-300x268.jpg 300w\" sizes=\"(max-width: 495px) 100vw, 495px\" \/><\/figure><div class=\"elementor-image-box-content\"><h4 class=\"elementor-image-box-title\">Patrice, Le papa<br>\"J'ai une id\u00e9e pour un nouveau jeu !\"<\/h4><p class=\"elementor-image-box-description\">Sans lui, ce projet n'aurait pas vu le jour ! Aujourd'hui retrait\u00e9, il se concentre sur ce qu'il aime le plus : Sa famille (dont tr\u00e8s particuli\u00e8rement ses petits-enfants :p), ses amis, et bien \u00e9videment sa passion pour le bricolage et la cr\u00e9ation.<\/p><\/div><\/div>\t\t\t\t<\/div>\n\t\t\t\t<\/div>\n\t\t\t\t<\/div>\n\t\t<div class=\"elementor-element elementor-element-7f06698 e-con-full e-flex e-con e-child\" data-id=\"7f06698\" data-element_type=\"container\" data-e-type=\"container\">\n\t\t\t\t<div class=\"elementor-element elementor-element-73dd856 elementor-widget__width-inherit elementor-widget-mobile__width-inherit elementor-position-top elementor-invisible elementor-widget elementor-widget-image-box\" data-id=\"73dd856\" data-element_type=\"widget\" data-e-type=\"widget\" data-settings=\"{&quot;_animation&quot;:&quot;fadeInLeft&quot;,&quot;_animation_delay&quot;:1000}\" data-widget_type=\"image-box.default\">\n\t\t\t\t<div class=\"elementor-widget-container\">\n\t\t\t\t\t<div class=\"elementor-image-box-wrapper\"><figure class=\"elementor-image-box-img\"><img loading=\"lazy\" decoding=\"async\" width=\"720\" height=\"614\" src=\"https:\/\/jeuettradition.fr\/wp-content\/uploads\/2023\/09\/seb.jpg\" class=\"attachment-full size-full wp-image-424\" alt=\"\" srcset=\"https:\/\/jeuettradition.fr\/wp-content\/uploads\/2023\/09\/seb.jpg 720w, https:\/\/jeuettradition.fr\/wp-content\/uploads\/2023\/09\/seb-300x256.jpg 300w\" sizes=\"(max-width: 720px) 100vw, 720px\" \/><\/figure><div class=\"elementor-image-box-content\"><h4 class=\"elementor-image-box-title\">S\u00e9bastien, le Fils<br>\"Geek ? Je dirai plut\u00f4t passionn\u00e9 !\"<\/h4><p class=\"elementor-image-box-description\">Il est un peu le MacGyver du marketing : Cartes de visite, flyers, site internet.. Et quand les parents s'absentent, non il n'en profite pas pour faire une m\u00e9ga-fiesta dans le domicile familial, il est l\u00e0 pour prendre le relais et \u00eatre disponible pour vous !<\/p><\/div><\/div>\t\t\t\t<\/div>\n\t\t\t\t<\/div>\n\t\t\t\t<div class=\"elementor-element elementor-element-7ca54e6 elementor-align-center elementor-invisible elementor-widget elementor-widget-button\" data-id=\"7ca54e6\" data-element_type=\"widget\" data-e-type=\"widget\" data-settings=\"{&quot;_animation&quot;:&quot;fadeInDown&quot;,&quot;_animation_delay&quot;:1500}\" data-widget_type=\"button.default\">\n\t\t\t\t<div class=\"elementor-widget-container\">\n\t\t\t\t\t\t\t\t\t<div class=\"elementor-button-wrapper\">\n\t\t\t\t\t<a class=\"elementor-button elementor-button-link elementor-size-sm\" href=\"https:\/\/denauxdesign.fr\" target=\"_blank\">\n\t\t\t\t\t\t<span class=\"elementor-button-content-wrapper\">\n\t\t\t\t\t\t<span class=\"elementor-button-icon\">\n\t\t\t\t<i aria-hidden=\"true\" class=\"fas fa-link\"><\/i>\t\t\t<\/span>\n\t\t\t\t\t\t\t\t\t<span class=\"elementor-button-text\">Denaux Design<\/span>\n\t\t\t\t\t<\/span>\n\t\t\t\t\t<\/a>\n\t\t\t\t<\/div>\n\t\t\t\t\t\t\t\t<\/div>\n\t\t\t\t<\/div>\n\t\t\t\t<\/div>\n\t\t\t\t<\/div>\n\t\t\t\t\t<\/div>\n\t\t\t\t<\/div>\n\t\t<div class=\"elementor-element elementor-element-23bfdf8d e-con-full e-flex e-con e-parent\" data-id=\"23bfdf8d\" data-element_type=\"container\" data-e-type=\"container\">\n\t\t<div class=\"elementor-element elementor-element-b3febfc e-con-full e-flex e-con e-child\" data-id=\"b3febfc\" data-element_type=\"container\" data-e-type=\"container\">\n\t\t\t\t<div class=\"elementor-element elementor-element-2081fa83 elementor-widget elementor-widget-heading\" data-id=\"2081fa83\" data-element_type=\"widget\" data-e-type=\"widget\" data-widget_type=\"heading.default\">\n\t\t\t\t<div class=\"elementor-widget-container\">\n\t\t\t\t\t<h1 class=\"elementor-heading-title elementor-size-default\">Qui sommes-nous ?<\/h1>\t\t\t\t<\/div>\n\t\t\t\t<\/div>\n\t\t\t\t<div class=\"elementor-element elementor-element-1420eb3 elementor-widget elementor-widget-text-editor\" data-id=\"1420eb3\" data-element_type=\"widget\" data-e-type=\"widget\" data-widget_type=\"text-editor.default\">\n\t\t\t\t<div class=\"elementor-widget-container\">\n\t\t\t\t\t\t\t\t\t<p>Intermittents du spectacle, apr\u00e8s 35 ann\u00e9es d&#8217;animations de mariages et autres f\u00eates, ma femme et moi sommes tout d&#8217;abord passionn\u00e9s, et cr\u00e9ons des jeux en bois, des jeux picards, des jeux anciens pour toutes les f\u00eates, kermesses, animations champ\u00eatres de mariages, anniversaires, bapt\u00eames, etc&#8230;<br \/><br \/>Pour le plaisir des plus jeunes comme des plus grands.<br \/><br \/>La fabrication est artisanale et chaque jeu est donc UNIQUE!<\/p><p>Situ\u00e9s \u00e0 BEAUVAIS, nous nous adressons aux <strong>particuliers<\/strong> comme aux <strong>professionnels<\/strong>, <strong>entreprises<\/strong> ou <strong>collectivit\u00e9s<\/strong> de notre r\u00e9gion.<\/p>\t\t\t\t\t\t\t\t<\/div>\n\t\t\t\t<\/div>\n\t\t\t\t<\/div>\n\t\t<div class=\"elementor-element elementor-element-79635b6b e-con-full e-flex elementor-invisible e-con e-child\" data-id=\"79635b6b\" data-element_type=\"container\" data-e-type=\"container\" data-settings=\"{&quot;background_background&quot;:&quot;classic&quot;,&quot;animation&quot;:&quot;fadeIn&quot;}\">\n\t\t\t\t<\/div>\n\t\t\t\t<\/div>\n\t\t<div class=\"elementor-element elementor-element-76bf9fd1 e-con-full e-flex e-con e-parent\" data-id=\"76bf9fd1\" data-element_type=\"container\" data-e-type=\"container\">\n\t\t<div class=\"elementor-element elementor-element-4a70b25 e-con-full e-flex elementor-invisible e-con e-child\" data-id=\"4a70b25\" data-element_type=\"container\" data-e-type=\"container\" data-settings=\"{&quot;background_background&quot;:&quot;classic&quot;,&quot;animation&quot;:&quot;fadeIn&quot;}\">\n\t\t\t\t<\/div>\n\t\t<div class=\"elementor-element elementor-element-4c6e1e33 e-con-full e-flex e-con e-child\" data-id=\"4c6e1e33\" data-element_type=\"container\" data-e-type=\"container\">\n\t\t\t\t<div class=\"elementor-element elementor-element-3c48b2cf elementor-widget elementor-widget-heading\" data-id=\"3c48b2cf\" data-element_type=\"widget\" data-e-type=\"widget\" data-widget_type=\"heading.default\">\n\t\t\t\t<div class=\"elementor-widget-container\">\n\t\t\t\t\t<h2 class=\"elementor-heading-title elementor-size-default\">Comment tout a commenc\u00e9 ?<\/h2>\t\t\t\t<\/div>\n\t\t\t\t<\/div>\n\t\t\t\t<div class=\"elementor-element elementor-element-756b36a3 elementor-widget elementor-widget-text-editor\" data-id=\"756b36a3\" data-element_type=\"widget\" data-e-type=\"widget\" data-widget_type=\"text-editor.default\">\n\t\t\t\t<div class=\"elementor-widget-container\">\n\t\t\t\t\t\t\t\t\tJe ne suis pas menuisier mais je suis passionn\u00e9: J&#8217;aime fabriquer des jeux originaux traditionnels en bois pour amuser les petits et les grands ! \n\n<\/br><\/br>\nDans le processus de cr\u00e9ation, j&#8217;affectionne particuli\u00e8rement  rechercher et trouver des id\u00e9es de jeux et de d\u00e9corations uniques pour chaque \u00e9l\u00e9ment, et les construire avec des techniques diff\u00e9rentes (peinture type tag \u00e0 la bombe, au pinceau, reproduction calque, pochoirs, pyrogravure etc&#8230;).\n<\/br>\nChaque jeu est essay\u00e9 et test\u00e9 en famille car il doit \u00eatre parfaitement fonctionnel, captivant et bien s\u00fbr amusant. <\/br><\/br>\n\nCr\u00e9\u00e9s au d\u00e9part pour les petits-enfants, puis sortis pour les r\u00e9unions entre amis, la location et la cr\u00e9ation de l&#8217;entreprise sont devenues in\u00e9vitables au vu des nombreuses demandes.\t\t\t\t\t\t\t\t<\/div>\n\t\t\t\t<\/div>\n\t\t\t\t<\/div>\n\t\t\t\t<\/div>\n\t\t\t\t<\/div>\n\t\t","protected":false},"excerpt":{"rendered":"<p>Une entreprise familiale Amandine, la Fille&#8220;Vous avez besoin de bras ?!&#8221; C&#8217;est notre super-h\u00e9ro\u00efne de la bonne humeur ! Toujours l\u00e0 quand on a besoin d&#8217;un coup de main, elle est tellement forte que m\u00eame nos jeux en bois en sont jaloux. Avec son sourire contagieux et sa bienveillance \u00e0 toute \u00e9preuve, elle fait de [&hellip;]<\/p>\n","protected":false},"author":1,"featured_media":0,"parent":0,"menu_order":0,"comment_status":"closed","ping_status":"closed","template":"elementor_header_footer","meta":{"_acf_changed":false,"_monsterinsights_skip_tracking":false,"_monsterinsights_sitenote_active":false,"_monsterinsights_sitenote_note":"","_monsterinsights_sitenote_category":0,"footnotes":""},"class_list":["post-65","page","type-page","status-publish","hentry"],"acf":[],"aioseo_notices":[],"_links":{"self":[{"href":"https:\/\/jeuettradition.fr\/index.php\/wp-json\/wp\/v2\/pages\/65","targetHints":{"allow":["GET"]}}],"collection":[{"href":"https:\/\/jeuettradition.fr\/index.php\/wp-json\/wp\/v2\/pages"}],"about":[{"href":"https:\/\/jeuettradition.fr\/index.php\/wp-json\/wp\/v2\/types\/page"}],"author":[{"embeddable":true,"href":"https:\/\/jeuettradition.fr\/index.php\/wp-json\/wp\/v2\/users\/1"}],"replies":[{"embeddable":true,"href":"https:\/\/jeuettradition.fr\/index.php\/wp-json\/wp\/v2\/comments?post=65"}],"version-history":[{"count":73,"href":"https:\/\/jeuettradition.fr\/index.php\/wp-json\/wp\/v2\/pages\/65\/revisions"}],"predecessor-version":[{"id":1837,"href":"https:\/\/jeuettradition.fr\/index.php\/wp-json\/wp\/v2\/pages\/65\/revisions\/1837"}],"wp:attachment":[{"href":"https:\/\/jeuettradition.fr\/index.php\/wp-json\/wp\/v2\/media?parent=65"}],"curies":[{"name":"wp","href":"https:\/\/api.w.org\/{rel}","templated":true}]}}